{"id":116,"date":"2022-01-21T09:49:45","date_gmt":"2022-01-21T09:49:45","guid":{"rendered":"http:\/\/www.easy-gl.com\/?page_id=116"},"modified":"2026-03-09T20:08:15","modified_gmt":"2026-03-09T20:08:15","slug":"ana-sayfa","status":"publish","type":"page","link":"http:\/\/www.easy-gl.com\/","title":{"rendered":"ANA SAYFA \/ HOME"},"content":{"rendered":"\n<p class=\"has-vivid-green-cyan-color has-text-color has-medium-font-size\"><strong><em>Hakk\u0131m\u0131zda \/ About Us<\/em><\/strong><\/p>\n\n\n\n<p><\/p>\n\n\n\n<p>2022 y\u0131l\u0131 Ocak ay\u0131nda kurulmu\u015f olan \u015firketimiz, uzun y\u0131llar edindi\u011fimiz tecr\u00fcbelerimizi kendi acenta ve tedarik\u00e7i a\u011f\u0131m\u0131z ile m\u00fc\u015fterilerimize ula\u015ft\u0131rmay\u0131 hedeflemektedir.&nbsp;<\/p>\n\n\n\n<p>***&nbsp;<\/p>\n\n\n\n<p>Easy Global Logistics and Foreign Trade was founded in January 2022. We target and focus to forward our best experiences to customers with our own agents and vendors network.&nbsp;<\/p>\n\n\n\n<p><strong>Misyonumuz\/Mision :<\/strong> Uzun y\u0131llar boyunca bir \u00e7ok global firmada edindi\u011fimiz tecr\u00fcbelerin en iyilerini alarak ve k\u00f6t\u00fclerinden \u00e7\u0131kard\u0131\u011f\u0131m\u0131z dersler ile m\u00fc\u015fterilerimize kusursuz bir deneyim ya\u015fatmak.&nbsp;<\/p>\n\n\n\n<p>***&nbsp;<\/p>\n\n\n\n<p>After a long time in many globallogistics players, we focus to be a Logistics and Foreign Trade company; who is putting best experiences to their pocket and taking lessons from all bad experiences to advise a perfect service for their customers.&nbsp;<\/p>\n\n\n\n<p><strong>Vizyonumuz\/Vision : <\/strong>Lojisti\u011fin en KOLAY yolu \/ The &#8216;EASY&#8217; way of logistics&nbsp;<\/p>\n\n\n\n<p class=\"has-vivid-green-cyan-color has-text-color has-medium-font-size\"><strong><em>Hizmetlerimiz \/ S<\/em>ervices<\/strong><\/p>\n\n\n\n<div class=\"wp-block-columns are-vertically-aligned-bottom is-layout-flex wp-container-core-columns-is-layout-9d6595d7 wp-block-columns-is-layout-flex\">\n<div class=\"wp-block-column is-vertically-aligned-bottom is-layout-flow wp-block-column-is-layout-flow\">\n<figure class=\"wp-block-image size-full is-resized is-style-default\"><img loading=\"lazy\" decoding=\"async\" width=\"612\" height=\"612\" src=\"http:\/\/www.easy-gl.com\/wp-content\/uploads\/2022\/03\/4l-ta-ma-612x612-1.jpg\" alt=\"\" class=\"wp-image-931\" style=\"aspect-ratio:1;object-fit:contain;width:400px;height:auto\" srcset=\"http:\/\/www.easy-gl.com\/wp-content\/uploads\/2022\/03\/4l-ta-ma-612x612-1.jpg 612w, http:\/\/www.easy-gl.com\/wp-content\/uploads\/2022\/03\/4l-ta-ma-612x612-1-300x300.jpg 300w, http:\/\/www.easy-gl.com\/wp-content\/uploads\/2022\/03\/4l-ta-ma-612x612-1-150x150.jpg 150w, http:\/\/www.easy-gl.com\/wp-content\/uploads\/2022\/03\/4l-ta-ma-612x612-1-270x270.jpg 270w, http:\/\/www.easy-gl.com\/wp-content\/uploads\/2022\/03\/4l-ta-ma-612x612-1-230x230.jpg 230w, http:\/\/www.easy-gl.com\/wp-content\/uploads\/2022\/03\/4l-ta-ma-612x612-1-45x45.jpg 45w\" sizes=\"auto, (max-width: 612px) 100vw, 612px\" \/><figcaption class=\"wp-element-caption\"> <strong><em>HAVA,DEN\u0130Z,KARA VE DEM\u0130RYOLU <span>TA\u015eIMACILI\u011eI<\/span><\/em><\/strong><br><br><strong><em>AIRFREIGHT,SEAFREIGHT,OVERLAND AND RAILFREIGHT<\/em><\/strong> <\/figcaption><\/figure>\n<\/div>\n\n\n\n<div class=\"wp-block-column is-vertically-aligned-bottom is-layout-flow wp-block-column-is-layout-flow\">\n<figure class=\"wp-block-image size-full is-resized is-style-default\"><img loading=\"lazy\" decoding=\"async\" width=\"612\" height=\"539\" src=\"http:\/\/www.easy-gl.com\/wp-content\/uploads\/2022\/03\/depo2-612x612-1.jpg\" alt=\"\" class=\"wp-image-925\" style=\"aspect-ratio:1;object-fit:contain;width:414px;height:auto\" srcset=\"http:\/\/www.easy-gl.com\/wp-content\/uploads\/2022\/03\/depo2-612x612-1.jpg 612w, http:\/\/www.easy-gl.com\/wp-content\/uploads\/2022\/03\/depo2-612x612-1-300x264.jpg 300w\" sizes=\"auto, (max-width: 612px) 100vw, 612px\" \/><figcaption class=\"wp-element-caption\"> <strong><em>DEPO VE DEPOLAMA LOJ\u0130ST\u0130K \u00c7\u00d6Z\u00dcMLER\u0130<\/em><\/strong><br><br><strong><em>WAREHOUSE AND WAREHOUSING LOGISTICS SOLUTIONS<\/em><\/strong>  <\/figcaption><\/figure>\n<\/div>\n\n\n\n<div class=\"wp-block-column is-vertically-aligned-bottom is-layout-flow wp-block-column-is-layout-flow\">\n<figure class=\"wp-block-image size-full is-style-default\"><img loading=\"lazy\" decoding=\"async\" width=\"612\" height=\"612\" src=\"http:\/\/www.easy-gl.com\/wp-content\/uploads\/2022\/03\/danismanlik-612x612-1.jpg\" alt=\"\" class=\"wp-image-922\" style=\"aspect-ratio:1;object-fit:contain\" srcset=\"http:\/\/www.easy-gl.com\/wp-content\/uploads\/2022\/03\/danismanlik-612x612-1.jpg 612w, http:\/\/www.easy-gl.com\/wp-content\/uploads\/2022\/03\/danismanlik-612x612-1-300x300.jpg 300w, http:\/\/www.easy-gl.com\/wp-content\/uploads\/2022\/03\/danismanlik-612x612-1-150x150.jpg 150w, http:\/\/www.easy-gl.com\/wp-content\/uploads\/2022\/03\/danismanlik-612x612-1-270x270.jpg 270w, http:\/\/www.easy-gl.com\/wp-content\/uploads\/2022\/03\/danismanlik-612x612-1-230x230.jpg 230w, http:\/\/www.easy-gl.com\/wp-content\/uploads\/2022\/03\/danismanlik-612x612-1-45x45.jpg 45w\" sizes=\"auto, (max-width: 612px) 100vw, 612px\" \/><figcaption class=\"wp-element-caption\"> <strong><em>LOJ\u0130ST\u0130K VE DI\u015e T\u0130CARET DANI\u015eMANLI\u011eI<\/em><\/strong><br><br><strong><em>LOGISTICS AND FOREIGN TRADE CONSULTANCY<\/em><\/strong> <\/figcaption><\/figure>\n<\/div>\n<\/div>\n","protected":false},"excerpt":{"rendered":"<p>Hakk\u0131m\u0131zda \/ About Us 2022 y\u0131l\u0131 Ocak ay\u0131nda kurulmu\u015f olan \u015firketimiz, uzun y\u0131llar edindi\u011fimiz tecr\u00fcbelerimizi kendi acenta ve tedarik\u00e7i a\u011f\u0131m\u0131z ile m\u00fc\u015fterilerimize ula\u015ft\u0131rmay\u0131 hedeflemektedir.&nbsp; ***&nbsp; Easy Global Logistics and Foreign Trade was founded in January 2022. We target and focus<\/p>\n","protected":false},"author":1,"featured_media":0,"parent":0,"menu_order":0,"comment_status":"closed","ping_status":"closed","template":"","meta":{"footnotes":""},"class_list":["post-116","page","type-page","status-publish","hentry"],"_links":{"self":[{"href":"http:\/\/www.easy-gl.com\/index.php\/wp-json\/wp\/v2\/pages\/116","targetHints":{"allow":["GET"]}}],"collection":[{"href":"http:\/\/www.easy-gl.com\/index.php\/wp-json\/wp\/v2\/pages"}],"about":[{"href":"http:\/\/www.easy-gl.com\/index.php\/wp-json\/wp\/v2\/types\/page"}],"author":[{"embeddable":true,"href":"http:\/\/www.easy-gl.com\/index.php\/wp-json\/wp\/v2\/users\/1"}],"replies":[{"embeddable":true,"href":"http:\/\/www.easy-gl.com\/index.php\/wp-json\/wp\/v2\/comments?post=116"}],"version-history":[{"count":77,"href":"http:\/\/www.easy-gl.com\/index.php\/wp-json\/wp\/v2\/pages\/116\/revisions"}],"predecessor-version":[{"id":1049,"href":"http:\/\/www.easy-gl.com\/index.php\/wp-json\/wp\/v2\/pages\/116\/revisions\/1049"}],"wp:attachment":[{"href":"http:\/\/www.easy-gl.com\/index.php\/wp-json\/wp\/v2\/media?parent=116"}],"curies":[{"name":"wp","href":"https:\/\/api.w.org\/{rel}","templated":true}]}}