{"id":120,"date":"2022-01-21T09:52:21","date_gmt":"2022-01-21T09:52:21","guid":{"rendered":"http:\/\/www.easy-gl.com\/?page_id=120"},"modified":"2025-04-14T14:42:56","modified_gmt":"2025-04-14T14:42:56","slug":"hizmetler","status":"publish","type":"page","link":"http:\/\/www.easy-gl.com\/index.php\/hizmetler\/","title":{"rendered":"H\u0130ZMETLER \/ SERVICES"},"content":{"rendered":"\n<div class=\"wp-block-columns is-layout-flex wp-container-core-columns-is-layout-9d6595d7 wp-block-columns-is-layout-flex\">\n<div class=\"wp-block-column is-layout-flow wp-block-column-is-layout-flow\">\n<figure class=\"wp-block-image size-full\"><img loading=\"lazy\" decoding=\"async\" width=\"612\" height=\"612\" src=\"http:\/\/www.easy-gl.com\/wp-content\/uploads\/2025\/04\/WhatsApp-Gorsel-2025-04-14-saat-1-2.jpg\" alt=\"\" class=\"wp-image-1056\" srcset=\"http:\/\/www.easy-gl.com\/wp-content\/uploads\/2025\/04\/WhatsApp-Gorsel-2025-04-14-saat-1-2.jpg 612w, http:\/\/www.easy-gl.com\/wp-content\/uploads\/2025\/04\/WhatsApp-Gorsel-2025-04-14-saat-1-2-300x300.jpg 300w, http:\/\/www.easy-gl.com\/wp-content\/uploads\/2025\/04\/WhatsApp-Gorsel-2025-04-14-saat-1-2-150x150.jpg 150w, http:\/\/www.easy-gl.com\/wp-content\/uploads\/2025\/04\/WhatsApp-Gorsel-2025-04-14-saat-1-2-270x270.jpg 270w, http:\/\/www.easy-gl.com\/wp-content\/uploads\/2025\/04\/WhatsApp-Gorsel-2025-04-14-saat-1-2-230x230.jpg 230w, http:\/\/www.easy-gl.com\/wp-content\/uploads\/2025\/04\/WhatsApp-Gorsel-2025-04-14-saat-1-2-45x45.jpg 45w\" sizes=\"auto, (max-width: 612px) 100vw, 612px\" \/><figcaption class=\"wp-element-caption\"><strong><strong>Al\u0131m-Sat\u0131m, Tedarik, D\u0131\u015f Ticaret, 3. \u00dclke Ticaret Anla\u015fmalar\u0131 Trade, Foreign Trade, Cross Agreements<\/strong><\/strong><\/figcaption><\/figure>\n<\/div>\n\n\n\n<div class=\"wp-block-column is-layout-flow wp-block-column-is-layout-flow\">\n<figure class=\"wp-block-image size-full\"><img loading=\"lazy\" decoding=\"async\" width=\"612\" height=\"612\" src=\"http:\/\/www.easy-gl.com\/wp-content\/uploads\/2022\/03\/danismanlik-612x612-1.jpg\" alt=\"\" class=\"wp-image-922\" srcset=\"http:\/\/www.easy-gl.com\/wp-content\/uploads\/2022\/03\/danismanlik-612x612-1.jpg 612w, http:\/\/www.easy-gl.com\/wp-content\/uploads\/2022\/03\/danismanlik-612x612-1-300x300.jpg 300w, http:\/\/www.easy-gl.com\/wp-content\/uploads\/2022\/03\/danismanlik-612x612-1-150x150.jpg 150w, http:\/\/www.easy-gl.com\/wp-content\/uploads\/2022\/03\/danismanlik-612x612-1-270x270.jpg 270w, http:\/\/www.easy-gl.com\/wp-content\/uploads\/2022\/03\/danismanlik-612x612-1-230x230.jpg 230w, http:\/\/www.easy-gl.com\/wp-content\/uploads\/2022\/03\/danismanlik-612x612-1-45x45.jpg 45w\" sizes=\"auto, (max-width: 612px) 100vw, 612px\" \/><figcaption class=\"wp-element-caption\"><strong>Lojistik ve D\u0131\u015f Ticaret Dan\u0131\u015fmanl\u0131\u011f\u0131 \/ Logistics and Foreign Trade Consultancy<\/strong><\/figcaption><\/figure>\n<\/div>\n\n\n\n<div class=\"wp-block-column is-layout-flow wp-block-column-is-layout-flow\">\n<figure class=\"wp-block-image size-full\"><img loading=\"lazy\" decoding=\"async\" width=\"612\" height=\"612\" src=\"http:\/\/www.easy-gl.com\/wp-content\/uploads\/2022\/03\/marketresearch2-612x612-1.jpg\" alt=\"\" class=\"wp-image-965\" srcset=\"http:\/\/www.easy-gl.com\/wp-content\/uploads\/2022\/03\/marketresearch2-612x612-1.jpg 612w, http:\/\/www.easy-gl.com\/wp-content\/uploads\/2022\/03\/marketresearch2-612x612-1-300x300.jpg 300w, http:\/\/www.easy-gl.com\/wp-content\/uploads\/2022\/03\/marketresearch2-612x612-1-150x150.jpg 150w, http:\/\/www.easy-gl.com\/wp-content\/uploads\/2022\/03\/marketresearch2-612x612-1-270x270.jpg 270w, http:\/\/www.easy-gl.com\/wp-content\/uploads\/2022\/03\/marketresearch2-612x612-1-230x230.jpg 230w, http:\/\/www.easy-gl.com\/wp-content\/uploads\/2022\/03\/marketresearch2-612x612-1-45x45.jpg 45w\" sizes=\"auto, (max-width: 612px) 100vw, 612px\" \/><figcaption class=\"wp-element-caption\"><strong>Pazar Ara\u015ft\u0131rmas\u0131 \/ Market Research<\/strong><\/figcaption><\/figure>\n<\/div>\n<\/div>\n\n\n\n<div class=\"wp-block-columns is-layout-flex wp-container-core-columns-is-layout-9d6595d7 wp-block-columns-is-layout-flex\">\n<div class=\"wp-block-column is-layout-flow wp-block-column-is-layout-flow\">\n<figure class=\"wp-block-image size-full\"><img loading=\"lazy\" decoding=\"async\" width=\"612\" height=\"612\" src=\"http:\/\/www.easy-gl.com\/wp-content\/uploads\/2022\/03\/ucakcizim-1.jpg\" alt=\"\" class=\"wp-image-958\" srcset=\"http:\/\/www.easy-gl.com\/wp-content\/uploads\/2022\/03\/ucakcizim-1.jpg 612w, http:\/\/www.easy-gl.com\/wp-content\/uploads\/2022\/03\/ucakcizim-1-300x300.jpg 300w, http:\/\/www.easy-gl.com\/wp-content\/uploads\/2022\/03\/ucakcizim-1-150x150.jpg 150w, http:\/\/www.easy-gl.com\/wp-content\/uploads\/2022\/03\/ucakcizim-1-270x270.jpg 270w, http:\/\/www.easy-gl.com\/wp-content\/uploads\/2022\/03\/ucakcizim-1-230x230.jpg 230w, http:\/\/www.easy-gl.com\/wp-content\/uploads\/2022\/03\/ucakcizim-1-45x45.jpg 45w\" sizes=\"auto, (max-width: 612px) 100vw, 612px\" \/><figcaption class=\"wp-element-caption\"><strong>Hava Yolu \/ Airfreight<\/strong><\/figcaption><\/figure>\n<\/div>\n\n\n\n<div class=\"wp-block-column is-layout-flow wp-block-column-is-layout-flow\">\n<figure class=\"wp-block-image size-full\"><img loading=\"lazy\" decoding=\"async\" width=\"612\" height=\"612\" src=\"http:\/\/www.easy-gl.com\/wp-content\/uploads\/2022\/03\/gemicizim.jpg\" alt=\"\" class=\"wp-image-959\" srcset=\"http:\/\/www.easy-gl.com\/wp-content\/uploads\/2022\/03\/gemicizim.jpg 612w, http:\/\/www.easy-gl.com\/wp-content\/uploads\/2022\/03\/gemicizim-300x300.jpg 300w, http:\/\/www.easy-gl.com\/wp-content\/uploads\/2022\/03\/gemicizim-150x150.jpg 150w, http:\/\/www.easy-gl.com\/wp-content\/uploads\/2022\/03\/gemicizim-270x270.jpg 270w, http:\/\/www.easy-gl.com\/wp-content\/uploads\/2022\/03\/gemicizim-230x230.jpg 230w, http:\/\/www.easy-gl.com\/wp-content\/uploads\/2022\/03\/gemicizim-45x45.jpg 45w\" sizes=\"auto, (max-width: 612px) 100vw, 612px\" \/><figcaption class=\"wp-element-caption\"><strong>Deniz Yolu \/ Seafreight<\/strong><\/figcaption><\/figure>\n<\/div>\n\n\n\n<div class=\"wp-block-column is-layout-flow wp-block-column-is-layout-flow\">\n<figure class=\"wp-block-image size-full\"><img loading=\"lazy\" decoding=\"async\" width=\"612\" height=\"612\" src=\"http:\/\/www.easy-gl.com\/wp-content\/uploads\/2022\/01\/tircizim1.jpg\" alt=\"\" class=\"wp-image-912\" srcset=\"http:\/\/www.easy-gl.com\/wp-content\/uploads\/2022\/01\/tircizim1.jpg 612w, http:\/\/www.easy-gl.com\/wp-content\/uploads\/2022\/01\/tircizim1-300x300.jpg 300w, http:\/\/www.easy-gl.com\/wp-content\/uploads\/2022\/01\/tircizim1-150x150.jpg 150w, http:\/\/www.easy-gl.com\/wp-content\/uploads\/2022\/01\/tircizim1-270x270.jpg 270w, http:\/\/www.easy-gl.com\/wp-content\/uploads\/2022\/01\/tircizim1-230x230.jpg 230w, http:\/\/www.easy-gl.com\/wp-content\/uploads\/2022\/01\/tircizim1-45x45.jpg 45w\" sizes=\"auto, (max-width: 612px) 100vw, 612px\" \/><figcaption class=\"wp-element-caption\"><strong>Kara Yolu \/ Overland<\/strong><\/figcaption><\/figure>\n<\/div>\n<\/div>\n\n\n\n<div class=\"wp-block-columns is-layout-flex wp-container-core-columns-is-layout-9d6595d7 wp-block-columns-is-layout-flex\">\n<div class=\"wp-block-column is-layout-flow wp-block-column-is-layout-flow\">\n<figure class=\"wp-block-image size-full\"><img loading=\"lazy\" decoding=\"async\" width=\"612\" height=\"612\" src=\"http:\/\/www.easy-gl.com\/wp-content\/uploads\/2022\/03\/demiryolu612x612.jpg\" alt=\"\" class=\"wp-image-960\" srcset=\"http:\/\/www.easy-gl.com\/wp-content\/uploads\/2022\/03\/demiryolu612x612.jpg 612w, http:\/\/www.easy-gl.com\/wp-content\/uploads\/2022\/03\/demiryolu612x612-300x300.jpg 300w, http:\/\/www.easy-gl.com\/wp-content\/uploads\/2022\/03\/demiryolu612x612-150x150.jpg 150w, http:\/\/www.easy-gl.com\/wp-content\/uploads\/2022\/03\/demiryolu612x612-270x270.jpg 270w, http:\/\/www.easy-gl.com\/wp-content\/uploads\/2022\/03\/demiryolu612x612-230x230.jpg 230w, http:\/\/www.easy-gl.com\/wp-content\/uploads\/2022\/03\/demiryolu612x612-45x45.jpg 45w\" sizes=\"auto, (max-width: 612px) 100vw, 612px\" \/><figcaption class=\"wp-element-caption\"><strong>Demir Yolu \/ Railfreight<\/strong><\/figcaption><\/figure>\n<\/div>\n\n\n\n<div class=\"wp-block-column is-layout-flow wp-block-column-is-layout-flow\">\n<figure class=\"wp-block-image size-full\"><img loading=\"lazy\" decoding=\"async\" width=\"612\" height=\"612\" src=\"http:\/\/www.easy-gl.com\/wp-content\/uploads\/2022\/03\/warehouse612x612-1.jpg\" alt=\"\" class=\"wp-image-961\" srcset=\"http:\/\/www.easy-gl.com\/wp-content\/uploads\/2022\/03\/warehouse612x612-1.jpg 612w, http:\/\/www.easy-gl.com\/wp-content\/uploads\/2022\/03\/warehouse612x612-1-300x300.jpg 300w, http:\/\/www.easy-gl.com\/wp-content\/uploads\/2022\/03\/warehouse612x612-1-150x150.jpg 150w, http:\/\/www.easy-gl.com\/wp-content\/uploads\/2022\/03\/warehouse612x612-1-270x270.jpg 270w, http:\/\/www.easy-gl.com\/wp-content\/uploads\/2022\/03\/warehouse612x612-1-230x230.jpg 230w, http:\/\/www.easy-gl.com\/wp-content\/uploads\/2022\/03\/warehouse612x612-1-45x45.jpg 45w\" sizes=\"auto, (max-width: 612px) 100vw, 612px\" \/><figcaption class=\"wp-element-caption\"><strong>Depo ve Depolama Lojistik \u00c7\u00f6z\u00fcmleri \/ Warehouse and Warehousing Logistics Solutions<\/strong><\/figcaption><\/figure>\n<\/div>\n\n\n\n<div class=\"wp-block-column is-layout-flow wp-block-column-is-layout-flow\">\n<figure class=\"wp-block-image size-full\"><img loading=\"lazy\" decoding=\"async\" width=\"612\" height=\"612\" src=\"http:\/\/www.easy-gl.com\/wp-content\/uploads\/2022\/03\/Webp.net-resizeimage.jpg\" alt=\"\" class=\"wp-image-962\" srcset=\"http:\/\/www.easy-gl.com\/wp-content\/uploads\/2022\/03\/Webp.net-resizeimage.jpg 612w, http:\/\/www.easy-gl.com\/wp-content\/uploads\/2022\/03\/Webp.net-resizeimage-300x300.jpg 300w, http:\/\/www.easy-gl.com\/wp-content\/uploads\/2022\/03\/Webp.net-resizeimage-150x150.jpg 150w, http:\/\/www.easy-gl.com\/wp-content\/uploads\/2022\/03\/Webp.net-resizeimage-270x270.jpg 270w, http:\/\/www.easy-gl.com\/wp-content\/uploads\/2022\/03\/Webp.net-resizeimage-230x230.jpg 230w, http:\/\/www.easy-gl.com\/wp-content\/uploads\/2022\/03\/Webp.net-resizeimage-45x45.jpg 45w\" sizes=\"auto, (max-width: 612px) 100vw, 612px\" \/><figcaption class=\"wp-element-caption\"><strong>3PL Hizmeti \/ 3PL Services<\/strong><\/figcaption><\/figure>\n<\/div>\n<\/div>\n\n\n\n<div class=\"wp-block-columns is-layout-flex wp-container-core-columns-is-layout-9d6595d7 wp-block-columns-is-layout-flex\">\n<div class=\"wp-block-column is-layout-flow wp-block-column-is-layout-flow\">\n<figure class=\"wp-block-image size-full\"><img loading=\"lazy\" decoding=\"async\" width=\"612\" height=\"612\" src=\"http:\/\/www.easy-gl.com\/wp-content\/uploads\/2022\/03\/cenaze-612x612-2.jpg\" alt=\"\" class=\"wp-image-978\" srcset=\"http:\/\/www.easy-gl.com\/wp-content\/uploads\/2022\/03\/cenaze-612x612-2.jpg 612w, http:\/\/www.easy-gl.com\/wp-content\/uploads\/2022\/03\/cenaze-612x612-2-300x300.jpg 300w, http:\/\/www.easy-gl.com\/wp-content\/uploads\/2022\/03\/cenaze-612x612-2-150x150.jpg 150w, http:\/\/www.easy-gl.com\/wp-content\/uploads\/2022\/03\/cenaze-612x612-2-270x270.jpg 270w, http:\/\/www.easy-gl.com\/wp-content\/uploads\/2022\/03\/cenaze-612x612-2-230x230.jpg 230w, http:\/\/www.easy-gl.com\/wp-content\/uploads\/2022\/03\/cenaze-612x612-2-45x45.jpg 45w\" sizes=\"auto, (max-width: 612px) 100vw, 612px\" \/><figcaption class=\"wp-element-caption\"><strong>Cenaze Ta\u015f\u0131mac\u0131l\u0131\u011f\u0131 \/ Funeral Transportation<\/strong><\/figcaption><\/figure>\n<\/div>\n\n\n\n<div class=\"wp-block-column is-layout-flow wp-block-column-is-layout-flow\">\n<figure class=\"wp-block-image size-full\"><img loading=\"lazy\" decoding=\"async\" width=\"612\" height=\"612\" src=\"http:\/\/www.easy-gl.com\/wp-content\/uploads\/2022\/03\/4l-ta-ma-612x612-1.jpg\" alt=\"\" class=\"wp-image-931\" srcset=\"http:\/\/www.easy-gl.com\/wp-content\/uploads\/2022\/03\/4l-ta-ma-612x612-1.jpg 612w, http:\/\/www.easy-gl.com\/wp-content\/uploads\/2022\/03\/4l-ta-ma-612x612-1-300x300.jpg 300w, http:\/\/www.easy-gl.com\/wp-content\/uploads\/2022\/03\/4l-ta-ma-612x612-1-150x150.jpg 150w, http:\/\/www.easy-gl.com\/wp-content\/uploads\/2022\/03\/4l-ta-ma-612x612-1-270x270.jpg 270w, http:\/\/www.easy-gl.com\/wp-content\/uploads\/2022\/03\/4l-ta-ma-612x612-1-230x230.jpg 230w, http:\/\/www.easy-gl.com\/wp-content\/uploads\/2022\/03\/4l-ta-ma-612x612-1-45x45.jpg 45w\" sizes=\"auto, (max-width: 612px) 100vw, 612px\" \/><figcaption class=\"wp-element-caption\"><strong>Intermodel Ta\u015f\u0131mac\u0131l\u0131k \/ Intermodel Transportation<\/strong><\/figcaption><\/figure>\n<\/div>\n\n\n\n<div class=\"wp-block-column is-vertically-aligned-top is-layout-flow wp-block-column-is-layout-flow\">\n<figure class=\"wp-block-image size-full\"><img loading=\"lazy\" decoding=\"async\" width=\"612\" height=\"581\" src=\"http:\/\/www.easy-gl.com\/wp-content\/uploads\/2025\/04\/supplychain2612x612.jpg\" alt=\"\" class=\"wp-image-1055\" srcset=\"http:\/\/www.easy-gl.com\/wp-content\/uploads\/2025\/04\/supplychain2612x612.jpg 612w, http:\/\/www.easy-gl.com\/wp-content\/uploads\/2025\/04\/supplychain2612x612-300x285.jpg 300w\" sizes=\"auto, (max-width: 612px) 100vw, 612px\" \/><figcaption class=\"wp-element-caption\"><strong>Tedarik Zinciri \/ Supply Chain<\/strong><\/figcaption><\/figure>\n<\/div>\n<\/div>\n\n\n\n<div class=\"wp-block-columns is-layout-flex wp-container-core-columns-is-layout-9d6595d7 wp-block-columns-is-layout-flex\">\n<div class=\"wp-block-column is-layout-flow wp-block-column-is-layout-flow\">\n<figure class=\"wp-block-image size-full\"><img loading=\"lazy\" decoding=\"async\" width=\"612\" height=\"612\" src=\"http:\/\/www.easy-gl.com\/wp-content\/uploads\/2022\/03\/urunarge2.jpg\" alt=\"\" class=\"wp-image-970\" srcset=\"http:\/\/www.easy-gl.com\/wp-content\/uploads\/2022\/03\/urunarge2.jpg 612w, http:\/\/www.easy-gl.com\/wp-content\/uploads\/2022\/03\/urunarge2-300x300.jpg 300w, http:\/\/www.easy-gl.com\/wp-content\/uploads\/2022\/03\/urunarge2-150x150.jpg 150w, http:\/\/www.easy-gl.com\/wp-content\/uploads\/2022\/03\/urunarge2-270x270.jpg 270w, http:\/\/www.easy-gl.com\/wp-content\/uploads\/2022\/03\/urunarge2-230x230.jpg 230w, http:\/\/www.easy-gl.com\/wp-content\/uploads\/2022\/03\/urunarge2-45x45.jpg 45w\" sizes=\"auto, (max-width: 612px) 100vw, 612px\" \/><figcaption class=\"wp-element-caption\"><strong>\u00dcr\u00fcn Ar-Ge \/ Product Research and Developing<\/strong><\/figcaption><\/figure>\n<\/div>\n\n\n\n<div class=\"wp-block-column is-layout-flow wp-block-column-is-layout-flow\">\n<figure class=\"wp-block-image size-full\"><img loading=\"lazy\" decoding=\"async\" width=\"612\" height=\"612\" src=\"http:\/\/www.easy-gl.com\/wp-content\/uploads\/2022\/03\/Webp.net-resizeimage-1.jpg\" alt=\"\" class=\"wp-image-967\" srcset=\"http:\/\/www.easy-gl.com\/wp-content\/uploads\/2022\/03\/Webp.net-resizeimage-1.jpg 612w, http:\/\/www.easy-gl.com\/wp-content\/uploads\/2022\/03\/Webp.net-resizeimage-1-300x300.jpg 300w, http:\/\/www.easy-gl.com\/wp-content\/uploads\/2022\/03\/Webp.net-resizeimage-1-150x150.jpg 150w, http:\/\/www.easy-gl.com\/wp-content\/uploads\/2022\/03\/Webp.net-resizeimage-1-270x270.jpg 270w, http:\/\/www.easy-gl.com\/wp-content\/uploads\/2022\/03\/Webp.net-resizeimage-1-230x230.jpg 230w, http:\/\/www.easy-gl.com\/wp-content\/uploads\/2022\/03\/Webp.net-resizeimage-1-45x45.jpg 45w\" sizes=\"auto, (max-width: 612px) 100vw, 612px\" \/><figcaption class=\"wp-element-caption\"><strong> Paketleme \/ Packaging <\/strong><\/figcaption><\/figure>\n<\/div>\n\n\n\n<div class=\"wp-block-column is-layout-flow wp-block-column-is-layout-flow\">\n<figure class=\"wp-block-image size-full\"><img loading=\"lazy\" decoding=\"async\" width=\"612\" height=\"612\" src=\"http:\/\/www.easy-gl.com\/wp-content\/uploads\/2022\/03\/coldchain2-1.jpg\" alt=\"\" class=\"wp-image-973\" srcset=\"http:\/\/www.easy-gl.com\/wp-content\/uploads\/2022\/03\/coldchain2-1.jpg 612w, http:\/\/www.easy-gl.com\/wp-content\/uploads\/2022\/03\/coldchain2-1-300x300.jpg 300w, http:\/\/www.easy-gl.com\/wp-content\/uploads\/2022\/03\/coldchain2-1-150x150.jpg 150w, http:\/\/www.easy-gl.com\/wp-content\/uploads\/2022\/03\/coldchain2-1-270x270.jpg 270w, http:\/\/www.easy-gl.com\/wp-content\/uploads\/2022\/03\/coldchain2-1-230x230.jpg 230w, http:\/\/www.easy-gl.com\/wp-content\/uploads\/2022\/03\/coldchain2-1-45x45.jpg 45w\" sizes=\"auto, (max-width: 612px) 100vw, 612px\" \/><figcaption class=\"wp-element-caption\"><strong>So\u011fuk Hava Zinciri \/ Cold Chain<\/strong><\/figcaption><\/figure>\n<\/div>\n<\/div>\n\n\n\n<div class=\"wp-block-columns is-layout-flex wp-container-core-columns-is-layout-9d6595d7 wp-block-columns-is-layout-flex\">\n<div class=\"wp-block-column is-layout-flow wp-block-column-is-layout-flow\">\n<figure class=\"wp-block-image size-full\"><img loading=\"lazy\" decoding=\"async\" width=\"612\" height=\"612\" src=\"http:\/\/www.easy-gl.com\/wp-content\/uploads\/2022\/03\/dangergoods2.jpg\" alt=\"\" class=\"wp-image-974\" srcset=\"http:\/\/www.easy-gl.com\/wp-content\/uploads\/2022\/03\/dangergoods2.jpg 612w, http:\/\/www.easy-gl.com\/wp-content\/uploads\/2022\/03\/dangergoods2-300x300.jpg 300w, http:\/\/www.easy-gl.com\/wp-content\/uploads\/2022\/03\/dangergoods2-150x150.jpg 150w, http:\/\/www.easy-gl.com\/wp-content\/uploads\/2022\/03\/dangergoods2-270x270.jpg 270w, http:\/\/www.easy-gl.com\/wp-content\/uploads\/2022\/03\/dangergoods2-230x230.jpg 230w, http:\/\/www.easy-gl.com\/wp-content\/uploads\/2022\/03\/dangergoods2-45x45.jpg 45w\" sizes=\"auto, (max-width: 612px) 100vw, 612px\" \/><figcaption class=\"wp-element-caption\"><strong>Tehlikeli Madde Ta\u015f\u0131mac\u0131l\u0131\u011f\u0131 \/ Dangerous Goods Transportation<\/strong><\/figcaption><\/figure>\n<\/div>\n\n\n\n<div class=\"wp-block-column is-layout-flow wp-block-column-is-layout-flow\">\n<figure class=\"wp-block-image size-full\"><img loading=\"lazy\" decoding=\"async\" width=\"612\" height=\"612\" src=\"http:\/\/www.easy-gl.com\/wp-content\/uploads\/2022\/03\/freshfood-612x612-1.jpg\" alt=\"\" class=\"wp-image-975\" srcset=\"http:\/\/www.easy-gl.com\/wp-content\/uploads\/2022\/03\/freshfood-612x612-1.jpg 612w, http:\/\/www.easy-gl.com\/wp-content\/uploads\/2022\/03\/freshfood-612x612-1-300x300.jpg 300w, http:\/\/www.easy-gl.com\/wp-content\/uploads\/2022\/03\/freshfood-612x612-1-150x150.jpg 150w, http:\/\/www.easy-gl.com\/wp-content\/uploads\/2022\/03\/freshfood-612x612-1-270x270.jpg 270w, http:\/\/www.easy-gl.com\/wp-content\/uploads\/2022\/03\/freshfood-612x612-1-230x230.jpg 230w, http:\/\/www.easy-gl.com\/wp-content\/uploads\/2022\/03\/freshfood-612x612-1-45x45.jpg 45w\" sizes=\"auto, (max-width: 612px) 100vw, 612px\" \/><figcaption class=\"wp-element-caption\"><strong>Taze\/Kurutulmu\u015f Meyve ve Sebze Ta\u015f\u0131mac\u0131l\u0131\u011f\u0131 \/ Fresh\/Dried Vegetables and Fruit Transportation<\/strong><\/figcaption><\/figure>\n<\/div>\n\n\n\n<div class=\"wp-block-column is-layout-flow wp-block-column-is-layout-flow\">\n<figure class=\"wp-block-image size-full\"><img loading=\"lazy\" decoding=\"async\" width=\"612\" height=\"612\" src=\"http:\/\/www.easy-gl.com\/wp-content\/uploads\/2022\/03\/animals2.jpg\" alt=\"\" class=\"wp-image-976\" srcset=\"http:\/\/www.easy-gl.com\/wp-content\/uploads\/2022\/03\/animals2.jpg 612w, http:\/\/www.easy-gl.com\/wp-content\/uploads\/2022\/03\/animals2-300x300.jpg 300w, http:\/\/www.easy-gl.com\/wp-content\/uploads\/2022\/03\/animals2-150x150.jpg 150w, http:\/\/www.easy-gl.com\/wp-content\/uploads\/2022\/03\/animals2-270x270.jpg 270w, http:\/\/www.easy-gl.com\/wp-content\/uploads\/2022\/03\/animals2-230x230.jpg 230w, http:\/\/www.easy-gl.com\/wp-content\/uploads\/2022\/03\/animals2-45x45.jpg 45w\" sizes=\"auto, (max-width: 612px) 100vw, 612px\" \/><figcaption class=\"wp-element-caption\"><strong>Canl\u0131 Hayvan Ta\u015f\u0131mac\u0131l\u0131\u011f\u0131 \/ Live Animal Transportation<\/strong><\/figcaption><\/figure>\n<\/div>\n<\/div>\n\n\n\n<p><\/p>\n","protected":false},"excerpt":{"rendered":"","protected":false},"author":1,"featured_media":0,"parent":0,"menu_order":0,"comment_status":"closed","ping_status":"closed","template":"","meta":{"footnotes":""},"class_list":["post-120","page","type-page","status-publish","hentry"],"_links":{"self":[{"href":"http:\/\/www.easy-gl.com\/index.php\/wp-json\/wp\/v2\/pages\/120","targetHints":{"allow":["GET"]}}],"collection":[{"href":"http:\/\/www.easy-gl.com\/index.php\/wp-json\/wp\/v2\/pages"}],"about":[{"href":"http:\/\/www.easy-gl.com\/index.php\/wp-json\/wp\/v2\/types\/page"}],"author":[{"embeddable":true,"href":"http:\/\/www.easy-gl.com\/index.php\/wp-json\/wp\/v2\/users\/1"}],"replies":[{"embeddable":true,"href":"http:\/\/www.easy-gl.com\/index.php\/wp-json\/wp\/v2\/comments?post=120"}],"version-history":[{"count":13,"href":"http:\/\/www.easy-gl.com\/index.php\/wp-json\/wp\/v2\/pages\/120\/revisions"}],"predecessor-version":[{"id":1058,"href":"http:\/\/www.easy-gl.com\/index.php\/wp-json\/wp\/v2\/pages\/120\/revisions\/1058"}],"wp:attachment":[{"href":"http:\/\/www.easy-gl.com\/index.php\/wp-json\/wp\/v2\/media?parent=120"}],"curies":[{"name":"wp","href":"https:\/\/api.w.org\/{rel}","templated":true}]}}